{"id":5528,"date":"2025-12-29T11:57:28","date_gmt":"2025-12-29T10:57:28","guid":{"rendered":"https:\/\/philea.coop\/?page_id=5528"},"modified":"2026-03-11T11:21:29","modified_gmt":"2026-03-11T10:21:29","slug":"nos-partenaires","status":"publish","type":"page","link":"https:\/\/philea.coop\/es\/nos-partenaires\/","title":{"rendered":"Nos partenaires"},"content":{"rendered":"<div data-elementor-type=\"wp-page\" data-elementor-id=\"5528\" class=\"elementor elementor-5528\" data-elementor-post-type=\"page\">\n\t\t\t\t<div class=\"elementor-element elementor-element-8bd1ae0 e-flex e-con-boxed e-con e-parent\" data-id=\"8bd1ae0\" data-element_type=\"container\" data-e-type=\"container\" data-settings=\"{&quot;background_background&quot;:&quot;classic&quot;}\">\n\t\t\t\t\t<div class=\"e-con-inner\">\n\t\t<div class=\"elementor-element elementor-element-c6d7a54 e-con-full e-flex e-con e-child\" data-id=\"c6d7a54\" data-element_type=\"container\" data-e-type=\"container\">\n\t\t\t\t<div class=\"elementor-element elementor-element-721ff87 elementor-widget elementor-widget-heading\" data-id=\"721ff87\" data-element_type=\"widget\" data-e-type=\"widget\" data-widget_type=\"heading.default\">\n\t\t\t\t<div class=\"elementor-widget-container\">\n\t\t\t\t\t<h3 class=\"elementor-heading-title elementor-size-default\">nuestros socios<\/h3>\t\t\t\t<\/div>\n\t\t\t\t<\/div>\n\t\t\t\t<\/div>\n\t\t\t\t\t<\/div>\n\t\t\t\t<\/div>\n\t\t<div class=\"elementor-element elementor-element-b767c94 e-flex e-con-boxed e-con e-parent\" data-id=\"b767c94\" data-element_type=\"container\" data-e-type=\"container\" data-settings=\"{&quot;background_background&quot;:&quot;classic&quot;}\">\n\t\t\t\t\t<div class=\"e-con-inner\">\n\t\t<div class=\"elementor-element elementor-element-9af00b9 e-con-full e-flex e-con e-child\" data-id=\"9af00b9\" data-element_type=\"container\" data-e-type=\"container\">\n\t\t\t\t<div class=\"elementor-element elementor-element-c453a3d elementor-widget elementor-widget-heading\" data-id=\"c453a3d\" data-element_type=\"widget\" data-e-type=\"widget\" data-widget_type=\"heading.default\">\n\t\t\t\t<div class=\"elementor-widget-container\">\n\t\t\t\t\t<h4 class=\"elementor-heading-title elementor-size-default\">FGC | Suiza <\/h4>\t\t\t\t<\/div>\n\t\t\t\t<\/div>\n\t\t\t\t<div class=\"elementor-element elementor-element-1c67c62 elementor-widget elementor-widget-text-editor\" data-id=\"1c67c62\" data-element_type=\"widget\" data-e-type=\"widget\" data-widget_type=\"text-editor.default\">\n\t\t\t\t<div class=\"elementor-widget-container\">\n\t\t\t\t\t\t\t\t\t<p class=\"translation-block\">La Federaci\u00f3n Ginebrina de Cooperaci\u00f3n (FGC) re\u00fane a unas 60 organizaciones miembros, con sede en Ginebra y activas en el \u00e1mbito del desarrollo.\nEn el centro de sus actividades se encuentran: la financiaci\u00f3n de proyectos de desarrollo, el intercambio de conocimientos y de informaci\u00f3n, as\u00ed como la sensibilizaci\u00f3n del p\u00fablico sobre los desaf\u00edos Norte-Sur. La FGC es el socio privilegiado de la Confederaci\u00f3n, del Estado de Ginebra, de la Ciudad de Ginebra y de m\u00e1s de 20 municipios ginebrinos que desean comprometerse en la cooperaci\u00f3n al desarrollo. Philea es miembro de la FGC desde 2019.<br><a href=\"https:\/\/www.fgc.ch\/\" target=\"_self\"><b>www.fgc.ch<\/b><\/a><\/p>\t\t\t\t\t\t\t\t<\/div>\n\t\t\t\t<\/div>\n\t\t\t\t<\/div>\n\t\t<div class=\"elementor-element elementor-element-9fc7189 e-con-full e-flex e-con e-child\" data-id=\"9fc7189\" data-element_type=\"container\" data-e-type=\"container\">\n\t\t\t\t<div class=\"elementor-element elementor-element-0842bb1 elementor-widget__width-initial elementor-widget-tablet__width-inherit animated-slow elementor-invisible elementor-widget elementor-widget-image\" data-id=\"0842bb1\" data-element_type=\"widget\" data-e-type=\"widget\" data-settings=\"{&quot;_animation&quot;:&quot;fadeInUp&quot;,&quot;_animation_mobile_extra&quot;:&quot;none&quot;}\" data-widget_type=\"image.default\">\n\t\t\t\t<div class=\"elementor-widget-container\">\n\t\t\t\t\t\t\t\t\t\t\t\t\t\t\t\t<a href=\"https:\/\/www.fgc.ch\/\" target=\"_blank\">\n\t\t\t\t\t\t\t<img decoding=\"async\" width=\"1\" height=\"1\" src=\"https:\/\/philea.coop\/wp-content\/uploads\/2026\/03\/logo-fgc-white.svg\" class=\"attachment-1536x1536 size-1536x1536 wp-image-6647\" alt=\"logo fgc white\" \/>\t\t\t\t\t\t\t\t<\/a>\n\t\t\t\t\t\t\t\t\t\t\t\t\t\t\t<\/div>\n\t\t\t\t<\/div>\n\t\t\t\t<\/div>\n\t\t\t\t\t<\/div>\n\t\t\t\t<\/div>\n\t\t<div class=\"elementor-element elementor-element-6980781 e-flex e-con-boxed e-con e-parent\" data-id=\"6980781\" data-element_type=\"container\" data-e-type=\"container\" data-settings=\"{&quot;background_background&quot;:&quot;classic&quot;}\">\n\t\t\t\t\t<div class=\"e-con-inner\">\n\t\t<div class=\"elementor-element elementor-element-98a2d60 e-con-full e-flex e-con e-child\" data-id=\"98a2d60\" data-element_type=\"container\" data-e-type=\"container\">\n\t\t\t\t<div class=\"elementor-element elementor-element-b3569af elementor-widget elementor-widget-heading\" data-id=\"b3569af\" data-element_type=\"widget\" data-e-type=\"widget\" data-widget_type=\"heading.default\">\n\t\t\t\t<div class=\"elementor-widget-container\">\n\t\t\t\t\t<h4 class=\"elementor-heading-title elementor-size-default\">FEBEA | B\u00c9LGICA <\/h4>\t\t\t\t<\/div>\n\t\t\t\t<\/div>\n\t\t\t\t<div class=\"elementor-element elementor-element-a6af8ec elementor-widget elementor-widget-text-editor\" data-id=\"a6af8ec\" data-element_type=\"widget\" data-e-type=\"widget\" data-widget_type=\"text-editor.default\">\n\t\t\t\t<div class=\"elementor-widget-container\">\n\t\t\t\t\t\t\t\t\t<p>Fundada en Bruselas en 2001, la Federaci\u00f3n Europea de Bancos y Financiadores \u00c9ticos y Alternativos (FEBEA) es una organizaci\u00f3n internacional sin fines de lucro que re\u00fane a 32 instituciones financieras de 17 pa\u00edses europeos, con el objetivo de desarrollar las finanzas \u00e9ticas y sociales en Europa. Philea es miembro de la FEBEA desde 2025. <br \/><a href=\"https:\/\/febea.org\/\" target=\"_blank\" rel=\"noopener\" data-wplink-edit=\"true\"><strong>www.febea.org<\/strong><\/a><\/p>\t\t\t\t\t\t\t\t<\/div>\n\t\t\t\t<\/div>\n\t\t\t\t<\/div>\n\t\t<div class=\"elementor-element elementor-element-bffcf7d e-con-full e-flex e-con e-child\" data-id=\"bffcf7d\" data-element_type=\"container\" data-e-type=\"container\">\n\t\t\t\t<div class=\"elementor-element elementor-element-b66804c elementor-widget__width-initial elementor-widget-tablet__width-inherit animated-slow elementor-invisible elementor-widget elementor-widget-image\" data-id=\"b66804c\" data-element_type=\"widget\" data-e-type=\"widget\" data-settings=\"{&quot;_animation&quot;:&quot;fadeInUp&quot;,&quot;_animation_mobile_extra&quot;:&quot;none&quot;}\" data-widget_type=\"image.default\">\n\t\t\t\t<div class=\"elementor-widget-container\">\n\t\t\t\t\t\t\t\t\t\t\t\t\t\t\t\t<a href=\"https:\/\/febea.org\/\" target=\"_blank\">\n\t\t\t\t\t\t\t<img decoding=\"async\" width=\"1\" height=\"1\" src=\"https:\/\/philea.coop\/wp-content\/uploads\/2026\/03\/logo-febea-white-1.svg\" class=\"attachment-1536x1536 size-1536x1536 wp-image-6637\" alt=\"logo febea white 1\" \/>\t\t\t\t\t\t\t\t<\/a>\n\t\t\t\t\t\t\t\t\t\t\t\t\t\t\t<\/div>\n\t\t\t\t<\/div>\n\t\t\t\t<\/div>\n\t\t\t\t\t<\/div>\n\t\t\t\t<\/div>\n\t\t<div class=\"elementor-element elementor-element-0a2b59d e-flex e-con-boxed e-con e-parent\" data-id=\"0a2b59d\" data-element_type=\"container\" data-e-type=\"container\" data-settings=\"{&quot;background_background&quot;:&quot;classic&quot;}\">\n\t\t\t\t\t<div class=\"e-con-inner\">\n\t\t<div class=\"elementor-element elementor-element-f03f0ca e-con-full e-flex e-con e-child\" data-id=\"f03f0ca\" data-element_type=\"container\" data-e-type=\"container\">\n\t\t\t\t<div class=\"elementor-element elementor-element-bc27288 elementor-widget elementor-widget-heading\" data-id=\"bc27288\" data-element_type=\"widget\" data-e-type=\"widget\" data-widget_type=\"heading.default\">\n\t\t\t\t<div class=\"elementor-widget-container\">\n\t\t\t\t\t<h4 class=\"elementor-heading-title elementor-size-default\">APR\u00c8S-GE | SUIZA<\/h4>\t\t\t\t<\/div>\n\t\t\t\t<\/div>\n\t\t\t\t<div class=\"elementor-element elementor-element-9fc7fd3 elementor-widget elementor-widget-text-editor\" data-id=\"9fc7fd3\" data-element_type=\"widget\" data-e-type=\"widget\" data-widget_type=\"text-editor.default\">\n\t\t\t\t<div class=\"elementor-widget-container\">\n\t\t\t\t\t\t\t\t\t<p>APR\u00c8S-GE, la red de la econom\u00eda social y solidaria (ESS), trabaja para la promoci\u00f3n y el reconocimiento de la ESS en la regi\u00f3n de Ginebra. Su misi\u00f3n es contribuir a que la econom\u00eda se convierta en una palanca clave para la transici\u00f3n hacia una sociedad respetuosa de las personas y de la biosfera.\nAPR\u00c8S-Ge cuenta actualmente con m\u00e1s de 900 miembros, entre ellos 450 empresas y organizaciones activas en todos los sectores de actividad. Esta diversidad de actores econ\u00f3micos se compromete concretamente cada d\u00eda con la transici\u00f3n ecol\u00f3gica y social. Philea es miembro de APR\u00c8S-GE desde 2025.<br \/><a href=\"https:\/\/apres-ge.ch\" target=\"_blank\" rel=\"noopener\"><strong>www.apres-ge.ch<\/strong><\/a><\/p>\t\t\t\t\t\t\t\t<\/div>\n\t\t\t\t<\/div>\n\t\t\t\t<\/div>\n\t\t<div class=\"elementor-element elementor-element-c5ad3ea e-con-full e-flex e-con e-child\" data-id=\"c5ad3ea\" data-element_type=\"container\" data-e-type=\"container\">\n\t\t\t\t<div class=\"elementor-element elementor-element-4872ae2 elementor-widget__width-initial elementor-widget-tablet__width-inherit animated-slow elementor-invisible elementor-widget elementor-widget-image\" data-id=\"4872ae2\" data-element_type=\"widget\" data-e-type=\"widget\" data-settings=\"{&quot;_animation&quot;:&quot;fadeInUp&quot;,&quot;_animation_mobile_extra&quot;:&quot;none&quot;}\" data-widget_type=\"image.default\">\n\t\t\t\t<div class=\"elementor-widget-container\">\n\t\t\t\t\t\t\t\t\t\t\t\t\t\t\t\t<a href=\"https:\/\/apres-ge.ch\" target=\"_blank\">\n\t\t\t\t\t\t\t<img decoding=\"async\" width=\"1\" height=\"1\" src=\"https:\/\/philea.coop\/wp-content\/uploads\/2026\/03\/logo-apres-ge-white.svg\" class=\"attachment-1536x1536 size-1536x1536 wp-image-6639\" alt=\"logo apres ge white\" \/>\t\t\t\t\t\t\t\t<\/a>\n\t\t\t\t\t\t\t\t\t\t\t\t\t\t\t<\/div>\n\t\t\t\t<\/div>\n\t\t\t\t<\/div>\n\t\t\t\t\t<\/div>\n\t\t\t\t<\/div>\n\t\t\t\t<\/div>","protected":false},"excerpt":{"rendered":"<p>NOS PARTENAIRES FGC | SUISSE La F\u00e9d\u00e9ration genevoise de coop\u00e9ration (FGC) rassemble quelque 60 organisations membres, bas\u00e9es \u00e0 Gen\u00e8ve et actives dans le d\u00e9veloppement. \u2028Au c\u0153ur de ses activit\u00e9s : le financement de projets de d\u00e9veloppement, de partage des savoirs et d\u2019information, ainsi que la sensibilisation du public aux enjeux Nord-Sud. \u2028La FGC est le [&hellip;]<\/p>\n","protected":false},"author":2,"featured_media":0,"parent":0,"menu_order":0,"comment_status":"closed","ping_status":"closed","template":"","meta":{"_acf_changed":false,"_seopress_robots_primary_cat":"","_seopress_titles_title":"","_seopress_titles_desc":"","_seopress_robots_index":"","iawp_total_views":14,"footnotes":""},"class_list":["post-5528","page","type-page","status-publish","hentry"],"acf":[],"_links":{"self":[{"href":"https:\/\/philea.coop\/es\/wp-json\/wp\/v2\/pages\/5528","targetHints":{"allow":["GET"]}}],"collection":[{"href":"https:\/\/philea.coop\/es\/wp-json\/wp\/v2\/pages"}],"about":[{"href":"https:\/\/philea.coop\/es\/wp-json\/wp\/v2\/types\/page"}],"author":[{"embeddable":true,"href":"https:\/\/philea.coop\/es\/wp-json\/wp\/v2\/users\/2"}],"replies":[{"embeddable":true,"href":"https:\/\/philea.coop\/es\/wp-json\/wp\/v2\/comments?post=5528"}],"version-history":[{"count":0,"href":"https:\/\/philea.coop\/es\/wp-json\/wp\/v2\/pages\/5528\/revisions"}],"wp:attachment":[{"href":"https:\/\/philea.coop\/es\/wp-json\/wp\/v2\/media?parent=5528"}],"curies":[{"name":"wp","href":"https:\/\/api.w.org\/{rel}","templated":true}]}}