{"id":5528,"date":"2025-12-29T11:57:28","date_gmt":"2025-12-29T10:57:28","guid":{"rendered":"https:\/\/philea.coop\/?page_id=5528"},"modified":"2026-03-11T11:21:29","modified_gmt":"2026-03-11T10:21:29","slug":"nos-partenaires","status":"publish","type":"page","link":"https:\/\/philea.coop\/en\/nos-partenaires\/","title":{"rendered":"Nos partenaires"},"content":{"rendered":"<div data-elementor-type=\"wp-page\" data-elementor-id=\"5528\" class=\"elementor elementor-5528\" data-elementor-post-type=\"page\">\n\t\t\t\t<div class=\"elementor-element elementor-element-8bd1ae0 e-flex e-con-boxed e-con e-parent\" data-id=\"8bd1ae0\" data-element_type=\"container\" data-e-type=\"container\" data-settings=\"{&quot;background_background&quot;:&quot;classic&quot;}\">\n\t\t\t\t\t<div class=\"e-con-inner\">\n\t\t<div class=\"elementor-element elementor-element-c6d7a54 e-con-full e-flex e-con e-child\" data-id=\"c6d7a54\" data-element_type=\"container\" data-e-type=\"container\">\n\t\t\t\t<div class=\"elementor-element elementor-element-721ff87 elementor-widget elementor-widget-heading\" data-id=\"721ff87\" data-element_type=\"widget\" data-e-type=\"widget\" data-widget_type=\"heading.default\">\n\t\t\t\t<div class=\"elementor-widget-container\">\n\t\t\t\t\t<h3 class=\"elementor-heading-title elementor-size-default\">our partners<\/h3>\t\t\t\t<\/div>\n\t\t\t\t<\/div>\n\t\t\t\t<\/div>\n\t\t\t\t\t<\/div>\n\t\t\t\t<\/div>\n\t\t<div class=\"elementor-element elementor-element-b767c94 e-flex e-con-boxed e-con e-parent\" data-id=\"b767c94\" data-element_type=\"container\" data-e-type=\"container\" data-settings=\"{&quot;background_background&quot;:&quot;classic&quot;}\">\n\t\t\t\t\t<div class=\"e-con-inner\">\n\t\t<div class=\"elementor-element elementor-element-9af00b9 e-con-full e-flex e-con e-child\" data-id=\"9af00b9\" data-element_type=\"container\" data-e-type=\"container\">\n\t\t\t\t<div class=\"elementor-element elementor-element-c453a3d elementor-widget elementor-widget-heading\" data-id=\"c453a3d\" data-element_type=\"widget\" data-e-type=\"widget\" data-widget_type=\"heading.default\">\n\t\t\t\t<div class=\"elementor-widget-container\">\n\t\t\t\t\t<h4 class=\"elementor-heading-title elementor-size-default\">FGC | SWITZERLAND <\/h4>\t\t\t\t<\/div>\n\t\t\t\t<\/div>\n\t\t\t\t<div class=\"elementor-element elementor-element-1c67c62 elementor-widget elementor-widget-text-editor\" data-id=\"1c67c62\" data-element_type=\"widget\" data-e-type=\"widget\" data-widget_type=\"text-editor.default\">\n\t\t\t\t<div class=\"elementor-widget-container\">\n\t\t\t\t\t\t\t\t\t<p class=\"translation-block\">The Geneva Federation for Cooperation (FGC) brings together around 60 member organizations based in Geneva and active in development. At the heart of its activities are the financing of development projects, knowledge and information sharing, and raising public awareness of North-South issues. FGC is the privileged partner of the Swiss Confederation, the State of Geneva, the City of Geneva and more than 20 municipalities in the canton of Geneva that wish to engage in development cooperation. Philea has been a member of FGC since 2019.<br><a href=\"https:\/\/www.fgc.ch\/\" target=\"_self\"><b>www.fgc.ch<\/b><\/a><\/p>\t\t\t\t\t\t\t\t<\/div>\n\t\t\t\t<\/div>\n\t\t\t\t<\/div>\n\t\t<div class=\"elementor-element elementor-element-9fc7189 e-con-full e-flex e-con e-child\" data-id=\"9fc7189\" data-element_type=\"container\" data-e-type=\"container\">\n\t\t\t\t<div class=\"elementor-element elementor-element-0842bb1 elementor-widget__width-initial elementor-widget-tablet__width-inherit animated-slow elementor-invisible elementor-widget elementor-widget-image\" data-id=\"0842bb1\" data-element_type=\"widget\" data-e-type=\"widget\" data-settings=\"{&quot;_animation&quot;:&quot;fadeInUp&quot;,&quot;_animation_mobile_extra&quot;:&quot;none&quot;}\" data-widget_type=\"image.default\">\n\t\t\t\t<div class=\"elementor-widget-container\">\n\t\t\t\t\t\t\t\t\t\t\t\t\t\t\t\t<a href=\"https:\/\/www.fgc.ch\/\" target=\"_blank\">\n\t\t\t\t\t\t\t<img decoding=\"async\" width=\"1\" height=\"1\" src=\"https:\/\/philea.coop\/wp-content\/uploads\/2026\/03\/logo-fgc-white.svg\" class=\"attachment-1536x1536 size-1536x1536 wp-image-6647\" alt=\"logo fgc white\" \/>\t\t\t\t\t\t\t\t<\/a>\n\t\t\t\t\t\t\t\t\t\t\t\t\t\t\t<\/div>\n\t\t\t\t<\/div>\n\t\t\t\t<\/div>\n\t\t\t\t\t<\/div>\n\t\t\t\t<\/div>\n\t\t<div class=\"elementor-element elementor-element-6980781 e-flex e-con-boxed e-con e-parent\" data-id=\"6980781\" data-element_type=\"container\" data-e-type=\"container\" data-settings=\"{&quot;background_background&quot;:&quot;classic&quot;}\">\n\t\t\t\t\t<div class=\"e-con-inner\">\n\t\t<div class=\"elementor-element elementor-element-98a2d60 e-con-full e-flex e-con e-child\" data-id=\"98a2d60\" data-element_type=\"container\" data-e-type=\"container\">\n\t\t\t\t<div class=\"elementor-element elementor-element-b3569af elementor-widget elementor-widget-heading\" data-id=\"b3569af\" data-element_type=\"widget\" data-e-type=\"widget\" data-widget_type=\"heading.default\">\n\t\t\t\t<div class=\"elementor-widget-container\">\n\t\t\t\t\t<h4 class=\"elementor-heading-title elementor-size-default\">FEBEA | BELGIUM <\/h4>\t\t\t\t<\/div>\n\t\t\t\t<\/div>\n\t\t\t\t<div class=\"elementor-element elementor-element-a6af8ec elementor-widget elementor-widget-text-editor\" data-id=\"a6af8ec\" data-element_type=\"widget\" data-e-type=\"widget\" data-widget_type=\"text-editor.default\">\n\t\t\t\t<div class=\"elementor-widget-container\">\n\t\t\t\t\t\t\t\t\t<p>Founded in Brussels in 2001, FEBEA is the European Federation of Ethical and Alternative Banks and Financiers . An international non-profit organisation that brings together 32 financial institutions from 17 European countries with the aim of developing ethical and social finance in Europe. Philea has been a member of FEBEA since 2025. <br \/><a href=\"https:\/\/febea.org\/\" target=\"_blank\" rel=\"noopener\" data-wplink-edit=\"true\"><strong>www.febea.org<\/strong><\/a><\/p>\t\t\t\t\t\t\t\t<\/div>\n\t\t\t\t<\/div>\n\t\t\t\t<\/div>\n\t\t<div class=\"elementor-element elementor-element-bffcf7d e-con-full e-flex e-con e-child\" data-id=\"bffcf7d\" data-element_type=\"container\" data-e-type=\"container\">\n\t\t\t\t<div class=\"elementor-element elementor-element-b66804c elementor-widget__width-initial elementor-widget-tablet__width-inherit animated-slow elementor-invisible elementor-widget elementor-widget-image\" data-id=\"b66804c\" data-element_type=\"widget\" data-e-type=\"widget\" data-settings=\"{&quot;_animation&quot;:&quot;fadeInUp&quot;,&quot;_animation_mobile_extra&quot;:&quot;none&quot;}\" data-widget_type=\"image.default\">\n\t\t\t\t<div class=\"elementor-widget-container\">\n\t\t\t\t\t\t\t\t\t\t\t\t\t\t\t\t<a href=\"https:\/\/febea.org\/\" target=\"_blank\">\n\t\t\t\t\t\t\t<img decoding=\"async\" width=\"1\" height=\"1\" src=\"https:\/\/philea.coop\/wp-content\/uploads\/2026\/03\/logo-febea-white-1.svg\" class=\"attachment-1536x1536 size-1536x1536 wp-image-6637\" alt=\"logo febea white 1\" \/>\t\t\t\t\t\t\t\t<\/a>\n\t\t\t\t\t\t\t\t\t\t\t\t\t\t\t<\/div>\n\t\t\t\t<\/div>\n\t\t\t\t<\/div>\n\t\t\t\t\t<\/div>\n\t\t\t\t<\/div>\n\t\t<div class=\"elementor-element elementor-element-0a2b59d e-flex e-con-boxed e-con e-parent\" data-id=\"0a2b59d\" data-element_type=\"container\" data-e-type=\"container\" data-settings=\"{&quot;background_background&quot;:&quot;classic&quot;}\">\n\t\t\t\t\t<div class=\"e-con-inner\">\n\t\t<div class=\"elementor-element elementor-element-f03f0ca e-con-full e-flex e-con e-child\" data-id=\"f03f0ca\" data-element_type=\"container\" data-e-type=\"container\">\n\t\t\t\t<div class=\"elementor-element elementor-element-bc27288 elementor-widget elementor-widget-heading\" data-id=\"bc27288\" data-element_type=\"widget\" data-e-type=\"widget\" data-widget_type=\"heading.default\">\n\t\t\t\t<div class=\"elementor-widget-container\">\n\t\t\t\t\t<h4 class=\"elementor-heading-title elementor-size-default\">APR\u00c8S-GE | SWITZERLAND<\/h4>\t\t\t\t<\/div>\n\t\t\t\t<\/div>\n\t\t\t\t<div class=\"elementor-element elementor-element-9fc7fd3 elementor-widget elementor-widget-text-editor\" data-id=\"9fc7fd3\" data-element_type=\"widget\" data-e-type=\"widget\" data-widget_type=\"text-editor.default\">\n\t\t\t\t<div class=\"elementor-widget-container\">\n\t\t\t\t\t\t\t\t\t<p>APR\u00c8S-GE, the social and solidarity economy (SSE) network, works to promote and gain recognition for the SSE in the Geneva region. Its mission is to help make the economy a major lever for the transition toward a society that respects people and the biosphere. APR\u00c8S-GE currently has more than 900 members, including 450 companies and organizations active across all sectors of activity. This wide range of economic actors is concretely committed to ecological and social transition in their daily activities. Philea has been a member of APR\u00c8S-GE since 2011.<br \/><a href=\"https:\/\/apres-ge.ch\" target=\"_blank\" rel=\"noopener\"><strong>www.apres-ge.ch<\/strong><\/a><\/p>\t\t\t\t\t\t\t\t<\/div>\n\t\t\t\t<\/div>\n\t\t\t\t<\/div>\n\t\t<div class=\"elementor-element elementor-element-c5ad3ea e-con-full e-flex e-con e-child\" data-id=\"c5ad3ea\" data-element_type=\"container\" data-e-type=\"container\">\n\t\t\t\t<div class=\"elementor-element elementor-element-4872ae2 elementor-widget__width-initial elementor-widget-tablet__width-inherit animated-slow elementor-invisible elementor-widget elementor-widget-image\" data-id=\"4872ae2\" data-element_type=\"widget\" data-e-type=\"widget\" data-settings=\"{&quot;_animation&quot;:&quot;fadeInUp&quot;,&quot;_animation_mobile_extra&quot;:&quot;none&quot;}\" data-widget_type=\"image.default\">\n\t\t\t\t<div class=\"elementor-widget-container\">\n\t\t\t\t\t\t\t\t\t\t\t\t\t\t\t\t<a href=\"https:\/\/apres-ge.ch\" target=\"_blank\">\n\t\t\t\t\t\t\t<img decoding=\"async\" width=\"1\" height=\"1\" src=\"https:\/\/philea.coop\/wp-content\/uploads\/2026\/03\/logo-apres-ge-white.svg\" class=\"attachment-1536x1536 size-1536x1536 wp-image-6639\" alt=\"logo apres ge white\" \/>\t\t\t\t\t\t\t\t<\/a>\n\t\t\t\t\t\t\t\t\t\t\t\t\t\t\t<\/div>\n\t\t\t\t<\/div>\n\t\t\t\t<\/div>\n\t\t\t\t\t<\/div>\n\t\t\t\t<\/div>\n\t\t\t\t<\/div>","protected":false},"excerpt":{"rendered":"<p>NOS PARTENAIRES FGC | SUISSE La F\u00e9d\u00e9ration genevoise de coop\u00e9ration (FGC) rassemble quelque 60 organisations membres, bas\u00e9es \u00e0 Gen\u00e8ve et actives dans le d\u00e9veloppement. \u2028Au c\u0153ur de ses activit\u00e9s : le financement de projets de d\u00e9veloppement, de partage des savoirs et d\u2019information, ainsi que la sensibilisation du public aux enjeux Nord-Sud. \u2028La FGC est le [&hellip;]<\/p>\n","protected":false},"author":2,"featured_media":0,"parent":0,"menu_order":0,"comment_status":"closed","ping_status":"closed","template":"","meta":{"_acf_changed":false,"_seopress_robots_primary_cat":"","_seopress_titles_title":"","_seopress_titles_desc":"","_seopress_robots_index":"","iawp_total_views":14,"footnotes":""},"class_list":["post-5528","page","type-page","status-publish","hentry"],"acf":[],"_links":{"self":[{"href":"https:\/\/philea.coop\/en\/wp-json\/wp\/v2\/pages\/5528","targetHints":{"allow":["GET"]}}],"collection":[{"href":"https:\/\/philea.coop\/en\/wp-json\/wp\/v2\/pages"}],"about":[{"href":"https:\/\/philea.coop\/en\/wp-json\/wp\/v2\/types\/page"}],"author":[{"embeddable":true,"href":"https:\/\/philea.coop\/en\/wp-json\/wp\/v2\/users\/2"}],"replies":[{"embeddable":true,"href":"https:\/\/philea.coop\/en\/wp-json\/wp\/v2\/comments?post=5528"}],"version-history":[{"count":0,"href":"https:\/\/philea.coop\/en\/wp-json\/wp\/v2\/pages\/5528\/revisions"}],"wp:attachment":[{"href":"https:\/\/philea.coop\/en\/wp-json\/wp\/v2\/media?parent=5528"}],"curies":[{"name":"wp","href":"https:\/\/api.w.org\/{rel}","templated":true}]}}